	{"id":1053,"date":"2016-10-29T11:09:14","date_gmt":"2016-10-29T11:09:14","guid":{"rendered":"http:\/\/www.pougetrail.com\/?page_id=1053"},"modified":"2016-10-29T11:09:14","modified_gmt":"2016-10-29T11:09:14","slug":"mentions-legales","status":"publish","type":"page","link":"https:\/\/www.pougetrail.com\/en\/mentions-legales\/","title":{"rendered":"legal"},"content":{"rendered":"<p><\/p>\n<p><strong>1 &#8211; Propri\u00e9t\u00e9 <br \/><\/strong>Ce site est la propri\u00e9t\u00e9 de la <strong>Soci\u00e9t\u00e9 des Ets POUGET Sarl<\/strong> <br \/>RCS Bobigny B 602 017 923 <br \/>dont le si\u00e8ge social est situ\u00e9 6 all\u00e9e du Val du Moulin &#8211; 93240 STAINS &#8211; France<\/p>\n<p>Responsable \u00e9ditorial : Monsieur Robert POUGET<\/p>\n<p><strong>2 &#8211; D\u00e9veloppement et H\u00e9bergement<\/strong> <br \/>D\u00e9veloppement, Infographie, Maintenance : www.west-webworld.fr <br \/>H\u00e9bergement : www.atlantique-hebergement.com<\/p>\n<p><strong>3 &#8211; Informatique et libert\u00e9s<\/strong> <br \/>Conform\u00e9ment \u00e0 la Loi n\u00b0 2004-801 du 6 ao\u00fbt 2004 relative \u00e0 la protection des personnes physiques \u00e0 l&#8217;\u00e9gard des traitements de donn\u00e9es \u00e0 caract\u00e8re personnel et modifiant la loi n\u00b0 78-17 du 6 janvier 1978 relative \u00e0 l&#8217;informatique, aux fichiers et aux libert\u00e9s , vous disposez d&#8217;un droit d&#8217;acc\u00e8s, de rectification et de suppression des donn\u00e9es vous concernant<\/p>\n<p>Vous pouvez l&#8217;exercer aupr\u00e8s de la <strong>Soci\u00e9t\u00e9 des Ets Pouget Sarl.<\/strong><\/p>\n<p><\/p>","protected":false},"excerpt":{"rendered":"1 &#8211; Propri\u00e9t\u00e9 Ce site est la propri\u00e9t\u00e9 de la Soci\u00e9t\u00e9 des Ets POUGET Sarl RCS Bobigny B 602 017 923 dont le si\u00e8ge social est situ\u00e9 6 all\u00e9e du Val du Moulin &#8211; 93240 STAINS &#8211; France Responsable \u00e9ditorial : Monsieur Robert POUGET 2 &#8211; D\u00e9veloppement et H\u00e9bergement D\u00e9veloppement, Infographie, Maintenance : www.west-webworld.fr H\u00e9bergement [&hellip;]","protected":false},"author":1,"featured_media":0,"parent":0,"menu_order":0,"comment_status":"closed","ping_status":"closed","template":"","meta":{"_acf_changed":false,"ngg_post_thumbnail":0,"footnotes":""},"acf":[],"_links":{"self":[{"href":"https:\/\/www.pougetrail.com\/en\/wp-json\/wp\/v2\/pages\/1053"}],"collection":[{"href":"https:\/\/www.pougetrail.com\/en\/wp-json\/wp\/v2\/pages"}],"about":[{"href":"https:\/\/www.pougetrail.com\/en\/wp-json\/wp\/v2\/types\/page"}],"author":[{"embeddable":true,"href":"https:\/\/www.pougetrail.com\/en\/wp-json\/wp\/v2\/users\/1"}],"replies":[{"embeddable":true,"href":"https:\/\/www.pougetrail.com\/en\/wp-json\/wp\/v2\/comments?post=1053"}],"version-history":[{"count":1,"href":"https:\/\/www.pougetrail.com\/en\/wp-json\/wp\/v2\/pages\/1053\/revisions"}],"predecessor-version":[{"id":1054,"href":"https:\/\/www.pougetrail.com\/en\/wp-json\/wp\/v2\/pages\/1053\/revisions\/1054"}],"wp:attachment":[{"href":"https:\/\/www.pougetrail.com\/en\/wp-json\/wp\/v2\/media?parent=1053"}],"curies":[{"name":"wp","href":"https:\/\/api.w.org\/{rel}","templated":true}]}}